{"id":24,"date":"2020-08-30T19:48:54","date_gmt":"2020-08-30T19:48:54","guid":{"rendered":"https:\/\/www.duunarituotteet.fi\/store\/?page_id=24"},"modified":"2020-08-30T20:26:50","modified_gmt":"2020-08-30T20:26:50","slug":"etusivu","status":"publish","type":"page","link":"https:\/\/www.duunarituotteet.fi\/store\/","title":{"rendered":"VAATETA ITSESI, KAVERISI JA SUKULAISESI!"},"content":{"rendered":"\n<p><em>Duunarituotteet.fi tarjoaa hauskat lahjat duunareille, kavereille, pomolle, syntt\u00e4rilahjaksi, joululahjaksi, yst\u00e4v\u00e4np\u00e4iv\u00e4\u00e4n tai muuten vaan.<\/em><\/p>\n\n\n\n<p class=\"has-text-align-center\"><a href=\"https:\/\/www.duunarituotteet.fi\/store\/?p=19#!\/\" data-type=\"URL\" data-id=\"https:\/\/www.duunarituotteet.fi\/store\/?p=19#!\/\"><strong>Astu sis\u00e4\u00e4n  myym\u00e4l\u00e4\u00e4n klikkaamalla kuvaa<\/strong><\/a><\/p>\n\n\n\n<figure class=\"wp-block-image size-large\"><a href=\"https:\/\/www.duunarituotteet.fi\/store\/?p=19#!\/\"><img decoding=\"async\" loading=\"lazy\" width=\"820\" height=\"340\" src=\"https:\/\/www.duunarituotteet.fi\/store\/wp-content\/uploads\/2020\/08\/Duunarituoteet_fb-banner.png\" alt=\"\" class=\"wp-image-6\" srcset=\"https:\/\/www.duunarituotteet.fi\/store\/wp-content\/uploads\/2020\/08\/Duunarituoteet_fb-banner.png 820w, https:\/\/www.duunarituotteet.fi\/store\/wp-content\/uploads\/2020\/08\/Duunarituoteet_fb-banner-300x124.png 300w, https:\/\/www.duunarituotteet.fi\/store\/wp-content\/uploads\/2020\/08\/Duunarituoteet_fb-banner-768x318.png 768w\" sizes=\"(max-width: 706px) 89vw, (max-width: 767px) 82vw, 740px\" \/><\/a><\/figure>\n\n\n\n<figure class=\"wp-block-image size-large\"><a href=\"https:\/\/www.duunarituotteet.fi\/store\/?p=19#!\/ \"><img decoding=\"async\" loading=\"lazy\" width=\"1024\" height=\"376\" src=\"https:\/\/www.duunarituotteet.fi\/store\/wp-content\/uploads\/2020\/08\/uutuudet-1024x376.jpg\" alt=\"\" class=\"wp-image-40\" srcset=\"https:\/\/www.duunarituotteet.fi\/store\/wp-content\/uploads\/2020\/08\/uutuudet-1024x376.jpg 1024w, https:\/\/www.duunarituotteet.fi\/store\/wp-content\/uploads\/2020\/08\/uutuudet-300x110.jpg 300w, https:\/\/www.duunarituotteet.fi\/store\/wp-content\/uploads\/2020\/08\/uutuudet-768x282.jpg 768w, https:\/\/www.duunarituotteet.fi\/store\/wp-content\/uploads\/2020\/08\/uutuudet.jpg 1374w\" sizes=\"(max-width: 706px) 89vw, (max-width: 767px) 82vw, 740px\" \/><\/a><\/figure>\n","protected":false},"excerpt":{"rendered":"<p>Duunarituotteet.fi tarjoaa hauskat lahjat duunareille, kavereille, pomolle, syntt\u00e4rilahjaksi, joululahjaksi, yst\u00e4v\u00e4np\u00e4iv\u00e4\u00e4n tai muuten vaan. Astu sis\u00e4\u00e4n myym\u00e4l\u00e4\u00e4n klikkaamalla kuvaa<\/p>\n","protected":false},"author":1,"featured_media":0,"parent":0,"menu_order":0,"comment_status":"closed","ping_status":"closed","template":"","meta":{"footnotes":""},"_links":{"self":[{"href":"https:\/\/www.duunarituotteet.fi\/store\/index.php?rest_route=\/wp\/v2\/pages\/24"}],"collection":[{"href":"https:\/\/www.duunarituotteet.fi\/store\/index.php?rest_route=\/wp\/v2\/pages"}],"about":[{"href":"https:\/\/www.duunarituotteet.fi\/store\/index.php?rest_route=\/wp\/v2\/types\/page"}],"author":[{"embeddable":true,"href":"https:\/\/www.duunarituotteet.fi\/store\/index.php?rest_route=\/wp\/v2\/users\/1"}],"replies":[{"embeddable":true,"href":"https:\/\/www.duunarituotteet.fi\/store\/index.php?rest_route=%2Fwp%2Fv2%2Fcomments&post=24"}],"version-history":[{"count":9,"href":"https:\/\/www.duunarituotteet.fi\/store\/index.php?rest_route=\/wp\/v2\/pages\/24\/revisions"}],"predecessor-version":[{"id":41,"href":"https:\/\/www.duunarituotteet.fi\/store\/index.php?rest_route=\/wp\/v2\/pages\/24\/revisions\/41"}],"wp:attachment":[{"href":"https:\/\/www.duunarituotteet.fi\/store\/index.php?rest_route=%2Fwp%2Fv2%2Fmedia&parent=24"}],"curies":[{"name":"wp","href":"https:\/\/api.w.org\/{rel}","templated":true}]}}